{"id":374,"date":"2025-09-22T13:41:27","date_gmt":"2025-09-22T13:41:27","guid":{"rendered":"https:\/\/barcelona.clinicaodda.com\/?page_id=374"},"modified":"2025-09-30T14:09:48","modified_gmt":"2025-09-30T14:09:48","slug":"9_menton","status":"publish","type":"page","link":"https:\/\/barcelona.clinicaodda.com\/index.php\/9_menton\/","title":{"rendered":"9_Menton"},"content":{"rendered":"\t\t<div data-elementor-type=\"wp-page\" data-elementor-id=\"374\" class=\"elementor elementor-374\">\n\t\t\t\t<div class=\"elementor-element elementor-element-1804ceb e-flex e-con-boxed e-con e-parent\" data-id=\"1804ceb\" data-element_type=\"container\" data-settings=\"{&quot;background_background&quot;:&quot;slideshow&quot;,&quot;background_slideshow_gallery&quot;:[{&quot;id&quot;:93,&quot;url&quot;:&quot;https:\\\/\\\/barcelona.clinicaodda.com\\\/wp-content\\\/uploads\\\/2025\\\/09\\\/6136.jpg&quot;},{&quot;id&quot;:159,&quot;url&quot;:&quot;https:\\\/\\\/barcelona.clinicaodda.com\\\/wp-content\\\/uploads\\\/2025\\\/09\\\/2150396587.jpg&quot;},{&quot;id&quot;:158,&quot;url&quot;:&quot;https:\\\/\\\/barcelona.clinicaodda.com\\\/wp-content\\\/uploads\\\/2025\\\/09\\\/75442.jpg&quot;},{&quot;id&quot;:156,&quot;url&quot;:&quot;https:\\\/\\\/barcelona.clinicaodda.com\\\/wp-content\\\/uploads\\\/2025\\\/09\\\/34642.jpg&quot;},{&quot;id&quot;:157,&quot;url&quot;:&quot;https:\\\/\\\/barcelona.clinicaodda.com\\\/wp-content\\\/uploads\\\/2025\\\/09\\\/49265.jpg&quot;},{&quot;id&quot;:155,&quot;url&quot;:&quot;https:\\\/\\\/barcelona.clinicaodda.com\\\/wp-content\\\/uploads\\\/2025\\\/09\\\/2149182117.jpg&quot;}],&quot;background_slideshow_slide_duration&quot;:2500,&quot;background_slideshow_transition_duration&quot;:1000,&quot;background_slideshow_lazyload&quot;:&quot;yes&quot;,&quot;background_slideshow_loop&quot;:&quot;yes&quot;,&quot;background_slideshow_slide_transition&quot;:&quot;fade&quot;}\">\n\t\t\t\t\t<div class=\"e-con-inner\">\n\t\t<div class=\"elementor-element elementor-element-71f95e8 e-con-full e-grid e-con e-child\" data-id=\"71f95e8\" data-element_type=\"container\">\n\t\t<div class=\"elementor-element elementor-element-1508b76 e-con-full e-flex e-con e-child\" data-id=\"1508b76\" data-element_type=\"container\">\n\t\t\t\t<div class=\"elementor-element elementor-element-b768e34 elementor-widget elementor-widget-heading\" data-id=\"b768e34\" data-element_type=\"widget\" data-widget_type=\"heading.default\">\n\t\t\t\t\t<h2 class=\"elementor-heading-title elementor-size-default\">Ment\u00f3n<\/h2>\t\t\t\t<\/div>\n\t\t\t\t<div class=\"elementor-element elementor-element-42c1ee6 elementor-widget__width-initial elementor-widget elementor-widget-heading\" data-id=\"42c1ee6\" data-element_type=\"widget\" data-widget_type=\"heading.default\">\n\t\t\t\t\t<h2 class=\"elementor-heading-title elementor-size-default\"><div style=\"text-align: left\"><font face=\"Cormorant Garamond, sans-serif\"><span style=\"font-size: 30px\"><b><i>Armoniza tu rostro.<\/i><\/b><\/span><\/font><\/div><div style=\"text-align: left\"><font face=\"Cormorant Garamond, sans-serif\"><span style=\"font-size: 30px\"><b><i><br><\/i><\/b><\/span><\/font><\/div>El tratamiento de ment\u00f3n permite<b> equilibrar proporciones<\/b> faciales, proyectar el perfil y mejorar la definici\u00f3n de tu rostro. Una soluci\u00f3n r\u00e1pida y segura para realzar tu belleza natural.<\/h2>\t\t\t\t<\/div>\n\t\t\t\t<\/div>\n\t\t\t\t<div class=\"elementor-element elementor-element-bf3e5a4 elementor-widget elementor-widget-image\" data-id=\"bf3e5a4\" data-element_type=\"widget\" data-widget_type=\"image.default\">\n\t\t\t\t\t\t\t\t\t\t\t\t\t\t\t<img fetchpriority=\"high\" decoding=\"async\" width=\"1024\" height=\"537\" src=\"https:\/\/barcelona.clinicaodda.com\/wp-content\/uploads\/2025\/09\/IMG_59042-1-1024x537.png\" class=\"attachment-large size-large wp-image-377\" alt=\"\" srcset=\"https:\/\/barcelona.clinicaodda.com\/wp-content\/uploads\/2025\/09\/IMG_59042-1-1024x537.png 1024w, https:\/\/barcelona.clinicaodda.com\/wp-content\/uploads\/2025\/09\/IMG_59042-1-300x157.png 300w, https:\/\/barcelona.clinicaodda.com\/wp-content\/uploads\/2025\/09\/IMG_59042-1-768x403.png 768w, https:\/\/barcelona.clinicaodda.com\/wp-content\/uploads\/2025\/09\/IMG_59042-1-1536x805.png 1536w, https:\/\/barcelona.clinicaodda.com\/wp-content\/uploads\/2025\/09\/IMG_59042-1-2048x1074.png 2048w\" sizes=\"(max-width: 1024px) 100vw, 1024px\" \/>\t\t\t\t\t\t\t\t\t\t\t\t\t\t\t<\/div>\n\t\t\t\t<\/div>\n\t\t\t\t<div class=\"elementor-element elementor-element-fbf876a elementor-widget elementor-widget-heading\" data-id=\"fbf876a\" data-element_type=\"widget\" data-widget_type=\"heading.default\">\n\t\t\t\t\t<h2 class=\"elementor-heading-title elementor-size-default\">RELLENA EL <b>FORMULARIO <\/b>PARA PODER INFORMARTE MEJOR.<\/h2>\t\t\t\t<\/div>\n\t\t\t\t<div class=\"elementor-element elementor-element-b531a81 elementor-widget elementor-widget-shortcode\" data-id=\"b531a81\" data-element_type=\"widget\" data-widget_type=\"shortcode.default\">\n\t\t\t\t\t\t\t<div class=\"elementor-shortcode\">\n<div class=\"wpcf7 no-js\" id=\"wpcf7-f104-o1\" lang=\"es-ES\" dir=\"ltr\" data-wpcf7-id=\"104\">\n<div class=\"screen-reader-response\"><p role=\"status\" aria-live=\"polite\" aria-atomic=\"true\"><\/p> <ul><\/ul><\/div>\n<form action=\"\/index.php\/wp-json\/wp\/v2\/pages\/374#wpcf7-f104-o1\" method=\"post\" class=\"wpcf7-form init\" aria-label=\"Formulario de contacto\" novalidate=\"novalidate\" data-status=\"init\">\n<fieldset class=\"hidden-fields-container\"><input type=\"hidden\" name=\"_wpcf7\" value=\"104\" \/><input type=\"hidden\" name=\"_wpcf7_version\" value=\"6.1.1\" \/><input type=\"hidden\" name=\"_wpcf7_locale\" value=\"es_ES\" \/><input type=\"hidden\" name=\"_wpcf7_unit_tag\" value=\"wpcf7-f104-o1\" \/><input type=\"hidden\" name=\"_wpcf7_container_post\" value=\"0\" \/><input type=\"hidden\" name=\"_wpcf7_posted_data_hash\" value=\"\" \/>\n<\/fieldset>\n<p><span class=\"wpcf7-form-control-wrap\" data-name=\"your-name\"><input size=\"40\" maxlength=\"400\" class=\"wpcf7-form-control wpcf7-text wpcf7-validates-as-required\" aria-required=\"true\" aria-invalid=\"false\" placeholder=\"Tu nombre\" value=\"\" type=\"text\" name=\"your-name\" \/><\/span><br \/>\n<span class=\"wpcf7-form-control-wrap\" data-name=\"your-email\"><input size=\"40\" maxlength=\"400\" class=\"wpcf7-form-control wpcf7-email wpcf7-validates-as-required wpcf7-text wpcf7-validates-as-email\" aria-required=\"true\" aria-invalid=\"false\" placeholder=\"Tu correo electr\u00f3nico\" value=\"\" type=\"email\" name=\"your-email\" \/><\/span><br \/>\n<span class=\"wpcf7-form-control-wrap\" data-name=\"tel-34\"><input size=\"40\" maxlength=\"400\" class=\"wpcf7-form-control wpcf7-tel wpcf7-validates-as-required wpcf7-text wpcf7-validates-as-tel\" aria-required=\"true\" aria-invalid=\"false\" placeholder=\"Tel\u00e9fono\" value=\"\" type=\"tel\" name=\"tel-34\" \/><\/span><br \/>\n<input class=\"wpcf7-form-control wpcf7-submit has-spinner\" type=\"submit\" value=\"Enviar\" \/>\n<\/p><div class=\"wpcf7-response-output\" aria-hidden=\"true\"><\/div>\n<\/form>\n<\/div>\n<\/div>\n\t\t\t\t\t\t<\/div>\n\t\t\t\t<div class=\"elementor-element elementor-element-7bc5c26 elementor-align-justify elementor-widget elementor-widget-button\" data-id=\"7bc5c26\" data-element_type=\"widget\" data-widget_type=\"button.default\">\n\t\t\t\t\t\t\t\t\t\t<a class=\"elementor-button elementor-button-link elementor-size-sm\" href=\"https:\/\/wa.me\/34635573962?text=Hola%2C%20quiero%20reservar%20el%20tratamiento%20de%20Ment%C3%B3n%20en%20Centro%20Odda.\">\n\t\t\t\t\t\t<span class=\"elementor-button-content-wrapper\">\n\t\t\t\t\t\t<span class=\"elementor-button-icon\">\n\t\t\t\t<svg aria-hidden=\"true\" class=\"e-font-icon-svg e-fab-whatsapp\" viewBox=\"0 0 448 512\" xmlns=\"http:\/\/www.w3.org\/2000\/svg\"><path d=\"M380.9 97.1C339 55.1 283.2 32 223.9 32c-122.4 0-222 99.6-222 222 0 39.1 10.2 77.3 29.6 111L0 480l117.7-30.9c32.4 17.7 68.9 27 106.1 27h.1c122.3 0 224.1-99.6 224.1-222 0-59.3-25.2-115-67.1-157zm-157 341.6c-33.2 0-65.7-8.9-94-25.7l-6.7-4-69.8 18.3L72 359.2l-4.4-7c-18.5-29.4-28.2-63.3-28.2-98.2 0-101.7 82.8-184.5 184.6-184.5 49.3 0 95.6 19.2 130.4 54.1 34.8 34.9 56.2 81.2 56.1 130.5 0 101.8-84.9 184.6-186.6 184.6zm101.2-138.2c-5.5-2.8-32.8-16.2-37.9-18-5.1-1.9-8.8-2.8-12.5 2.8-3.7 5.6-14.3 18-17.6 21.8-3.2 3.7-6.5 4.2-12 1.4-32.6-16.3-54-29.1-75.5-66-5.7-9.8 5.7-9.1 16.3-30.3 1.8-3.7.9-6.9-.5-9.7-1.4-2.8-12.5-30.1-17.1-41.2-4.5-10.8-9.1-9.3-12.5-9.5-3.2-.2-6.9-.2-10.6-.2-3.7 0-9.7 1.4-14.8 6.9-5.1 5.6-19.4 19-19.4 46.3 0 27.3 19.9 53.7 22.6 57.4 2.8 3.7 39.1 59.7 94.8 83.8 35.2 15.2 49 16.5 66.6 13.9 10.7-1.6 32.8-13.4 37.4-26.4 4.6-13 4.6-24.1 3.2-26.4-1.3-2.5-5-3.9-10.5-6.6z\"><\/path><\/svg>\t\t\t<\/span>\n\t\t\t\t\t\t\t\t\t<span class=\"elementor-button-text\">Prefiero contactar por WhatsApp<\/span>\n\t\t\t\t\t<\/span>\n\t\t\t\t\t<\/a>\n\t\t\t\t\t\t\t\t<\/div>\n\t\t\t\t\t<\/div>\n\t\t\t\t<\/div>\n\t\t\t\t<\/div>\n\t\t","protected":false},"excerpt":{"rendered":"<p>Ment\u00f3n Armoniza tu rostro.El tratamiento de ment\u00f3n permite equilibrar proporciones faciales, proyectar el [&hellip;]<\/p>\n","protected":false},"author":1,"featured_media":0,"parent":0,"menu_order":0,"comment_status":"closed","ping_status":"closed","template":"elementor_canvas","meta":{"footnotes":""},"class_list":["post-374","page","type-page","status-publish","hentry"],"_links":{"self":[{"href":"https:\/\/barcelona.clinicaodda.com\/index.php\/wp-json\/wp\/v2\/pages\/374","targetHints":{"allow":["GET"]}}],"collection":[{"href":"https:\/\/barcelona.clinicaodda.com\/index.php\/wp-json\/wp\/v2\/pages"}],"about":[{"href":"https:\/\/barcelona.clinicaodda.com\/index.php\/wp-json\/wp\/v2\/types\/page"}],"author":[{"embeddable":true,"href":"https:\/\/barcelona.clinicaodda.com\/index.php\/wp-json\/wp\/v2\/users\/1"}],"replies":[{"embeddable":true,"href":"https:\/\/barcelona.clinicaodda.com\/index.php\/wp-json\/wp\/v2\/comments?post=374"}],"version-history":[{"count":10,"href":"https:\/\/barcelona.clinicaodda.com\/index.php\/wp-json\/wp\/v2\/pages\/374\/revisions"}],"predecessor-version":[{"id":466,"href":"https:\/\/barcelona.clinicaodda.com\/index.php\/wp-json\/wp\/v2\/pages\/374\/revisions\/466"}],"wp:attachment":[{"href":"https:\/\/barcelona.clinicaodda.com\/index.php\/wp-json\/wp\/v2\/media?parent=374"}],"curies":[{"name":"wp","href":"https:\/\/api.w.org\/{rel}","templated":true}]}}